{"id":4416,"date":"2019-09-12T03:55:12","date_gmt":"2019-09-12T01:55:12","guid":{"rendered":"http:\/\/atlantismoto.n1n.eu\/?page_id=4416"},"modified":"2025-12-03T13:47:43","modified_gmt":"2025-12-03T12:47:43","slug":"avis-legal","status":"publish","type":"page","link":"https:\/\/www.atlantisioe.com\/ca\/avis-legal\/","title":{"rendered":"Avis Legal"},"content":{"rendered":"<h2>Identificaci\u00f3 i Titularitat<\/h2>\n<p>En compliment de l&#8217;article 10 de la Llei 34\/2002, de 11 de juliol, de Serveis de la Societat de la Informaci\u00f3 i Comer\u00e7 Electr\u00f2nic, el titular exposa les seves dades identificatives.<\/p>\n<ul>\n<li><strong>Titular:<\/strong> ATLANTIS IT, SLU.<\/li>\n<li><strong>NIF:<\/strong> B66212630<\/li>\n<li>Inscrita al registre mercantil de Barcelona, tom 44166, llibre, secci\u00f3 General, foli 0217, full 448.523, inscripci\u00f3.<\/li>\n<li><strong>Domicili:<\/strong> Carrer de Bail\u00e8n 21, Ppal. 2a, &#8211; Barcelona &#8211; Espanya.<\/li>\n<li><strong>Correu electr\u00f2nic:<\/strong> rgpd@atlantisioe.com<\/li>\n<li><strong>Tel\u00e8fon de contacte:<\/strong> +34 93 496 08 69<\/li>\n<li><strong>Lloc Web<\/strong>: http:\/\/atlantisioe.com<\/li>\n<\/ul>\n<h2>Finalitat<\/h2>\n<p>La finalitat del lloc web http:\/\/atlantisioe.com \u00e9s ATLANTIS IT, SLU \u00e9s una empresa innovadora de serveis, amb enginyeria pr\u00f2pia, per a la gesti\u00f3 eficient, el control i la seguretat dels recursos m\u00f2bils (autom\u00f2bils, furgonetes, camions, motos , quads, embarcacions, tractors, maquin\u00e0ria, i altres b\u00e9ns), tant d&#8217;empreses com de particulars ..<\/p>\n<h2>Condicions d&#8217;\u00das<\/h2>\n<p>La utilitzaci\u00f3 del lloc web et atorga la condici\u00f3 d&#8217;Usuari, i implica l&#8217;acceptaci\u00f3 completa de totes les cl\u00e0usules i condicions d&#8217;\u00fas incloses en les p\u00e0gines:<\/p>\n<ul>\n<li><a href=\"https:\/\/www.atlantisioe.com\/avis-legal\/\">Av\u00eds Legal<\/a><\/li>\n<li><a href=\"https:\/\/www.atlantisioe.com\/politica-de-privacitat\/\">Pol\u00edtica de Privacitat<\/a><\/li>\n<li><a href=\"https:\/\/www.atlantisioe.com\/politica-de-cookies\/\">Pol\u00edtica de Cookies<\/a><\/li>\n<\/ul>\n<p>Si no est\u00e0s d&#8217;acord amb totes i cadascuna d&#8217;aquestes cl\u00e0usules i condicions et abstendr\u00e1s d&#8217;utilitzar aquest lloc web.<\/p>\n<p>L&#8217;acc\u00e9s a aquest lloc web no suposa, de cap manera, l&#8217;inici d&#8217;una relaci\u00f3 comercial amb ATLANTIS IT, SLU.<\/p>\n<p>A trav\u00e9s d&#8217;aquest lloc web, el titular et facilita l&#8217;acc\u00e9s i la utilitzaci\u00f3 de diversos continguts que el titular o els seus col\u00b7laboradors han publicat per mitj\u00e0 d&#8217;Internet.<\/p>\n<p>A aquest efecte, t&#8217;obligues i compromets a NO utilitzar qualsevol dels continguts del lloc web amb fins o efectes il\u00b7l\u00edcits, prohibits en aquest av\u00eds legal o per la legislaci\u00f3 vigent, lesius dels drets i interessos de tercers, o que de qualsevol forma puguin danyar, inutilitzar, sobrecarregar, deteriorar o impedir la normal utilitzaci\u00f3 dels continguts, els equips inform\u00e0tics o els documents, arxius i tota classe de continguts emmagatzemats en qualsevol equip inform\u00e0tic propis o contractats per ATLANTIS IT, SLO, d&#8217;altres usuaris o de qualsevol usuari d&#8217;Internet.<\/p>\n<p>El Titular es reserva el dret de retirar tots aquells comentaris que vulnerin la legislaci\u00f3 vigent, lesius dels drets o interessos de tercers, o que, al seu parer, no resultin adequats per a la seva publicaci\u00f3.<\/p>\n<p>ATLANTIS IT, SLU no ser\u00e0 responsable de les opinions abocades pels usuaris a trav\u00e9s del sistema de comentaris, xarxes socials o altres eines de participaci\u00f3, d&#8217;acord amb el que preveu la normativa d&#8217;aplicaci\u00f3.<\/p>\n<h2>Mesures de seguretat<\/h2>\n<p>Les dades personals que faciliteu al Titular poden ser emmagatzemats en bases de dades automatitzades o no, la titularitat correspon en exclusiva a ATLANTIS IT, SLU, que assumeix totes les mesures d&#8217;\u00edndole t\u00e8cnica, organitzativa i de seguretat que garanteixen la confidencialitat, integritat i qualitat de la informaci\u00f3 continguda en les mateixes d&#8217;acord amb el que estableix la normativa vigent en protecci\u00f3 de dades.<\/p>\n<p>No obstant aix\u00f2, has de ser conscient que les mesures de seguretat dels sistemes inform\u00e0tics a Internet no s\u00f3n enterament fiables i que, per tant el Titular no pot garantir la inexist\u00e8ncia de virus o altres elements que puguin produir alteracions en els sistemes inform\u00e0tics (programari i hardware) de l&#8217;Usuari o en els seus documents electr\u00f2nics i fitxers continguts en els mateixos tot i que el Titular posa tots els mitjans necessaris i pren les mesures de seguretat oportunes per evitar la pres\u00e8ncia d&#8217;aquests elements nocius.<\/p>\n<h2>Dades personals<\/h2>\n<p>Pots consultar tota la informaci\u00f3 relativa al tractament de dades personals que recull el Titular a la p\u00e0gina de Pol\u00edtica de Privadesa.<\/p>\n<h2>Continguts<\/h2>\n<p>El Titular ha obtingut la informaci\u00f3, el contingut multim\u00e8dia i els materials inclosos al lloc web de fonts que considera fiables, per\u00f2, si b\u00e9 ha pres totes les mesures raonables per assegurar que la informaci\u00f3 continguda \u00e9s correcta, el Titular no garanteix que sigui exacta , completa o actualitzada. ATLANTIS IT, SLU declina expressament qualsevol responsabilitat per error o omissi\u00f3 en la informaci\u00f3 continguda en les p\u00e0gines d&#8217;aquest lloc web.<\/p>\n<p>Queda prohibit transmetre o enviar a trav\u00e9s del lloc web qualsevol contingut il\u00b7legal o il\u00b7l\u00edcit, virus inform\u00e0tics, o missatges que, en general, afectin o violin drets de l&#8217;Titular o de tercers.<\/p>\n<p>Els continguts de http:\/\/atlantisioe.com tenen \u00fanicament una finalitat informativa i sota cap circumst\u00e0ncia han d&#8217;usar-ni considerar com a oferta de venda, sol\u00b7licitud d&#8217;una oferta de compra ni recomanaci\u00f3 per realitzar qualsevol altra operaci\u00f3, llevat que aix\u00ed s&#8217;indiqui expressament.<\/p>\n<p>ATLANTIS IT, SLU es reserva el dret a modificar, suspendre, cancel\u00b7lar o restringir el contingut de http:\/\/atlantisioe.com els vincles o la informaci\u00f3 obtinguda a trav\u00e9s del lloc web, sense necessitat de previ av\u00eds.<\/p>\n<p>ATLANTIS IT, SLU no \u00e9s responsable dels danys i perjudicis que es puguin derivar de la utilitzaci\u00f3 de la informaci\u00f3 del lloc web o de la continguda en les xarxes socials del Titular.<\/p>\n<h2>Pol\u00edtica de cookies<\/h2>\n<p>A la p\u00e0gina <a href=\"https:\/\/www.atlantisioe.com\/politica-de-cookies\/\">Pol\u00edtica de Cookies<\/a> pots consultar tota la informaci\u00f3 relativa a la pol\u00edtica de recollida i tractament de les cookies.<\/p>\n<h2>Enlla\u00e7os a altres llocs web<\/h2>\n<p>El Titular pot proporcionar acc\u00e9s a llocs web de tercers mitjan\u00e7ant enlla\u00e7os amb la finalitat exclusiva de informar-te sobre l&#8217;exist\u00e8ncia d&#8217;altres fonts d&#8217;informaci\u00f3 a Internet en qu\u00e8 podr\u00e0s ampliar les dades ofertes en el lloc web.<\/p>\n<p>Aquests enlla\u00e7os a altres llocs web no suposen en cap cas un suggeriment o recomanaci\u00f3 perqu\u00e8 visitis les p\u00e0gines web de destinaci\u00f3, que estan fora del control del Titular, per la qual cosa ATLANTIS IT, SLU no \u00e9s responsable del contingut dels llocs web vinculats ni del resultat que obtinguis en seguir els enlla\u00e7os.<\/p>\n<p>Aix\u00ed mateix, ATLANTIS IT, SL no respon dels links o enlla\u00e7os ubicats en els llocs web vinculats als que et proporciona acc\u00e9s.<\/p>\n<p>L&#8217;establiment de l&#8217;enlla\u00e7 no implica en cap cas l&#8217;exist\u00e8ncia de relacions entre ATLANTIS IT, SLU i el propietari del lloc en el qual s&#8217;estableixi l&#8217;enlla\u00e7, ni l&#8217;acceptaci\u00f3 o aprovaci\u00f3 per part del Titular dels seus continguts o serveis.<\/p>\n<p>Si accedeixes a un lloc web extern des d&#8217;un enlla\u00e7 que trobis en http:\/\/atlantisioe.com haur\u00e0s llegir la pr\u00f2pia pol\u00edtica de privacitat de l&#8217;altre lloc web que pot ser diferent de la d&#8217;aquest lloc web.<\/p>\n<h2>Propietat intel\u00b7lectual i industrial<\/h2>\n<p>Tots els drets estan reservats.<\/p>\n<p>Tot acc\u00e9s a aquest lloc web est\u00e0 subjecte a les seg\u00fcents condicions: la reproducci\u00f3, emmagatzematge permanent i la difusi\u00f3 dels continguts o qualsevol altre \u00fas que tingui finalitat p\u00fablica o comercial queda expressament prohibida sense el consentiment previ expr\u00e9s i per escrit d&#8217;ATLANTIS IT, SLU .<\/p>\n<h2>Limitaci\u00f3 de responsabilitat<\/h2>\n<p>La informaci\u00f3 i serveis inclosos o disponibles a trav\u00e9s d&#8217;aquest lloc web poden incloure incorreccions o errors tipogr\u00e0fics. De forma peri\u00f2dica el titular incorpora millores i \/ o canvis a la informaci\u00f3 continguda i \/ o els Serveis que pot introduir en qualsevol moment.<\/p>\n<p>El Titular no declara ni garanteix que els serveis o continguts siguin interromputs o que estiguin lliures d&#8217;errors, que els defectes siguin corregits, o que el servei o el servidor que ho posa a disposici\u00f3 estiguin lliures de virus o altres components nocius sense perjudici que el titular realitza tots els esfor\u00e7os a evitar aquest tipus d&#8217;incidents.<\/p>\n<p>ATLANTIS IT, SLU declina qualsevol responsabilitat en cas que existeixin interrupcions o un mal funcionament dels Serveis o continguts oferts a Internet, qualsevol que sigui la causa. Aix\u00ed mateix, el titular no es fa responsable per caigudes de la xarxa, p\u00e8rdues de negoci a conseq\u00fc\u00e8ncia d&#8217;aquestes caigudes, suspensions temporals de fluid el\u00e8ctric o qualsevol altre tipus de dany indirecte que et pugui ser causat per causes alienes a l&#8217;Titular.<\/p>\n<p>Abans de prendre decisions i \/ o accions amb base a la informaci\u00f3 inclosa en el lloc web, el titular et recomana comprovar i contrastar la informaci\u00f3 rebuda amb altres fonts.<\/p>\n<h2>Dret d&#8217;exclusi\u00f3<\/h2>\n<p>ATLANTIS IT, SLU es reserva el dret a denegar o retirar l&#8217;acc\u00e9s al lloc web i els serveis oferts sense necessitat de preav\u00eds, a inst\u00e0ncia pr\u00f2pia o d&#8217;un tercer, a aquells usuaris que incompleixin qualsevol de les condicions d&#8217;aquest Av\u00eds Legal.<\/p>\n<h2>Jurisdicci\u00f3<\/h2>\n<p>Aquest Av\u00eds Legal es regeix \u00edntegrament per la legislaci\u00f3 espanyola.<\/p>\n<h2>Contacte<\/h2>\n<p>En cas que tinguis qualsevol dubte sobre aquestes Condicions legals o vulguis realitzar qualsevol comentari sobre aquest lloc web, pots enviar un missatge de correu electr\u00f2nic a l&#8217;adre\u00e7a info@atlantisioe.com.<\/p>\n","protected":false},"excerpt":{"rendered":"<p>Identificaci\u00f3 i Titularitat En compliment de l&#8217;article 10 de la Llei 34\/2002, de 11 de juliol, de Serveis de la Societat de la Informaci\u00f3 i Comer\u00e7 Electr\u00f2nic, el titular exposa les seves dades identificatives. Titular: ATLANTIS IT, SLU. NIF: B66212630 Inscrita al registre mercantil de Barcelona, tom 44166, llibre, secci\u00f3 General, foli 0217, full 448.523, [&hellip;]<\/p>\n","protected":false},"author":17,"featured_media":0,"parent":0,"menu_order":6,"comment_status":"closed","ping_status":"closed","template":"","meta":{"rank_math_lock_modified_date":false,"site-sidebar-layout":"default","site-content-layout":"default","ast-site-content-layout":"default","site-content-style":"default","site-sidebar-style":"default","ast-global-header-display":"","ast-banner-title-visibility":"","ast-main-header-display":"","ast-hfb-above-header-display":"","ast-hfb-below-header-display":"","ast-hfb-mobile-header-display":"","site-post-title":"","ast-breadcrumbs-content":"","ast-featured-img":"","footer-sml-layout":"","theme-transparent-header-meta":"default","adv-header-id-meta":"","stick-header-meta":"","header-above-stick-meta":"","header-main-stick-meta":"","header-below-stick-meta":"","astra-migrate-meta-layouts":"set","ast-page-background-enabled":"default","ast-page-background-meta":{"desktop":{"background-color":"","background-image":"","background-repeat":"repeat","background-position":"center center","background-size":"auto","background-attachment":"scroll","background-type":"","background-media":"","overlay-type":"","overlay-color":"","overlay-opacity":"","overlay-gradient":""},"tablet":{"background-color":"","background-image":"","background-repeat":"repeat","background-position":"center center","background-size":"auto","background-attachment":"scroll","background-type":"","background-media":"","overlay-type":"","overlay-color":"","overlay-opacity":"","overlay-gradient":""},"mobile":{"background-color":"","background-image":"","background-repeat":"repeat","background-position":"center center","background-size":"auto","background-attachment":"scroll","background-type":"","background-media":"","overlay-type":"","overlay-color":"","overlay-opacity":"","overlay-gradient":""}},"ast-content-background-meta":{"desktop":{"background-color":"var(--ast-global-color-5)","background-image":"","background-repeat":"repeat","background-position":"center center","background-size":"auto","background-attachment":"scroll","background-type":"","background-media":"","overlay-type":"","overlay-color":"","overlay-opacity":"","overlay-gradient":""},"tablet":{"background-color":"var(--ast-global-color-5)","background-image":"","background-repeat":"repeat","background-position":"center center","background-size":"auto","background-attachment":"scroll","background-type":"","background-media":"","overlay-type":"","overlay-color":"","overlay-opacity":"","overlay-gradient":""},"mobile":{"background-color":"var(--ast-global-color-5)","background-image":"","background-repeat":"repeat","background-position":"center center","background-size":"auto","background-attachment":"scroll","background-type":"","background-media":"","overlay-type":"","overlay-color":"","overlay-opacity":"","overlay-gradient":""}},"footnotes":""},"class_list":["post-4416","page","type-page","status-publish","hentry"],"rankMath":{"parentDomain":"www.atlantisioe.com","noFollowDomains":[],"noFollowExcludeDomains":[],"noFollowExternalLinks":false,"featuredImageNotice":"The featured image should be at least 200 by 200 pixels to be picked up by Facebook and other social media sites.","pluginReviewed":false,"postSettings":{"linkSuggestions":true,"useFocusKeyword":false},"frontEndScore":false,"postName":"avis-legal","permalinkFormat":"https:\/\/www.atlantisioe.com\/ca\/%pagename%\/","showLockModifiedDate":true,"assessor":{"focusKeywordLink":"https:\/\/www.atlantisioe.com\/wp-admin\/edit.php?focus_keyword=%focus_keyword%&post_type=%post_type%","hasTOCPlugin":true,"primaryTaxonomy":false,"serpData":{"title":"","description":"","focusKeywords":"","pillarContent":false,"canonicalUrl":"","breadcrumbTitle":"","advancedRobots":[],"facebookTitle":"","facebookDescription":"","facebookImage":"","facebookImageID":"","facebookHasOverlay":false,"facebookImageOverlay":"","facebookAuthor":"","twitterCardType":"","twitterUseFacebook":true,"twitterTitle":"","twitterDescription":"","twitterImage":"","twitterImageID":"","twitterHasOverlay":false,"twitterImageOverlay":"","twitterPlayerUrl":"","twitterPlayerSize":"","twitterPlayerStream":"","twitterPlayerStreamCtype":"","twitterAppDescription":"","twitterAppIphoneName":"","twitterAppIphoneID":"","twitterAppIphoneUrl":"","twitterAppIpadName":"","twitterAppIpadID":"","twitterAppIpadUrl":"","twitterAppGoogleplayName":"","twitterAppGoogleplayID":"","twitterAppGoogleplayUrl":"","twitterAppCountry":"","robots":{"noindex":true,"nofollow":true},"twitterAuthor":"username","primaryTerm":0,"authorName":"Episa","titleTemplate":"%title% %page% %sep% %sitename%","descriptionTemplate":"","showScoreFrontend":true,"lockModifiedDate":false},"powerWords":[],"diacritics":{"A":"[\\u0041\\u24B6\\uFF21\\u00C0\\u00C1\\u00C2\\u1EA6\\u1EA4\\u1EAA\\u1EA8\\u00C3\\u0100\\u0102\\u1EB0\\u1EAE\\u1EB4\\u1EB2\\u0226\\u01E0\\u00C4\\u01DE\\u1EA2\\u00C5\\u01FA\\u01CD\\u0200\\u0202\\u1EA0\\u1EAC\\u1EB6\\u1E00\\u0104\\u023A\\u2C6F]","AA":"[\\uA732]","AE":"[\\u00C6\\u01FC\\u01E2]","AO":"[\\uA734]","AU":"[\\uA736]","AV":"[\\uA738\\uA73A]","AY":"[\\uA73C]","B":"[\\u0042\\u24B7\\uFF22\\u1E02\\u1E04\\u1E06\\u0243\\u0182\\u0181]","C":"[\\u0043\\u24B8\\uFF23\\u0106\\u0108\\u010A\\u010C\\u00C7\\u1E08\\u0187\\u023B\\uA73E]","D":"[\\u0044\\u24B9\\uFF24\\u1E0A\\u010E\\u1E0C\\u1E10\\u1E12\\u1E0E\\u0110\\u018B\\u018A\\u0189\\uA779]","DZ":"[\\u01F1\\u01C4]","Dz":"[\\u01F2\\u01C5]","E":"[\\u0045\\u24BA\\uFF25\\u00C8\\u00C9\\u00CA\\u1EC0\\u1EBE\\u1EC4\\u1EC2\\u1EBC\\u0112\\u1E14\\u1E16\\u0114\\u0116\\u00CB\\u1EBA\\u011A\\u0204\\u0206\\u1EB8\\u1EC6\\u0228\\u1E1C\\u0118\\u1E18\\u1E1A\\u0190\\u018E]","F":"[\\u0046\\u24BB\\uFF26\\u1E1E\\u0191\\uA77B]","G":"[\\u0047\\u24BC\\uFF27\\u01F4\\u011C\\u1E20\\u011E\\u0120\\u01E6\\u0122\\u01E4\\u0193\\uA7A0\\uA77D\\uA77E]","H":"[\\u0048\\u24BD\\uFF28\\u0124\\u1E22\\u1E26\\u021E\\u1E24\\u1E28\\u1E2A\\u0126\\u2C67\\u2C75\\uA78D]","I":"[\\u0049\\u24BE\\uFF29\\u00CC\\u00CD\\u00CE\\u0128\\u012A\\u012C\\u0130\\u00CF\\u1E2E\\u1EC8\\u01CF\\u0208\\u020A\\u1ECA\\u012E\\u1E2C\\u0197]","J":"[\\u004A\\u24BF\\uFF2A\\u0134\\u0248]","K":"[\\u004B\\u24C0\\uFF2B\\u1E30\\u01E8\\u1E32\\u0136\\u1E34\\u0198\\u2C69\\uA740\\uA742\\uA744\\uA7A2]","L":"[\\u004C\\u24C1\\uFF2C\\u013F\\u0139\\u013D\\u1E36\\u1E38\\u013B\\u1E3C\\u1E3A\\u0141\\u023D\\u2C62\\u2C60\\uA748\\uA746\\uA780]","LJ":"[\\u01C7]","Lj":"[\\u01C8]","M":"[\\u004D\\u24C2\\uFF2D\\u1E3E\\u1E40\\u1E42\\u2C6E\\u019C]","N":"[\\u004E\\u24C3\\uFF2E\\u01F8\\u0143\\u00D1\\u1E44\\u0147\\u1E46\\u0145\\u1E4A\\u1E48\\u0220\\u019D\\uA790\\uA7A4]","NJ":"[\\u01CA]","Nj":"[\\u01CB]","O":"[\\u004F\\u24C4\\uFF2F\\u00D2\\u00D3\\u00D4\\u1ED2\\u1ED0\\u1ED6\\u1ED4\\u00D5\\u1E4C\\u022C\\u1E4E\\u014C\\u1E50\\u1E52\\u014E\\u022E\\u0230\\u00D6\\u022A\\u1ECE\\u0150\\u01D1\\u020C\\u020E\\u01A0\\u1EDC\\u1EDA\\u1EE0\\u1EDE\\u1EE2\\u1ECC\\u1ED8\\u01EA\\u01EC\\u00D8\\u01FE\\u0186\\u019F\\uA74A\\uA74C]","OI":"[\\u01A2]","OO":"[\\uA74E]","OU":"[\\u0222]","P":"[\\u0050\\u24C5\\uFF30\\u1E54\\u1E56\\u01A4\\u2C63\\uA750\\uA752\\uA754]","Q":"[\\u0051\\u24C6\\uFF31\\uA756\\uA758\\u024A]","R":"[\\u0052\\u24C7\\uFF32\\u0154\\u1E58\\u0158\\u0210\\u0212\\u1E5A\\u1E5C\\u0156\\u1E5E\\u024C\\u2C64\\uA75A\\uA7A6\\uA782]","S":"[\\u0053\\u24C8\\uFF33\\u1E9E\\u015A\\u1E64\\u015C\\u1E60\\u0160\\u1E66\\u1E62\\u1E68\\u0218\\u015E\\u2C7E\\uA7A8\\uA784]","T":"[\\u0054\\u24C9\\uFF34\\u1E6A\\u0164\\u1E6C\\u021A\\u0162\\u1E70\\u1E6E\\u0166\\u01AC\\u01AE\\u023E\\uA786]","TZ":"[\\uA728]","U":"[\\u0055\\u24CA\\uFF35\\u00D9\\u00DA\\u00DB\\u0168\\u1E78\\u016A\\u1E7A\\u016C\\u00DC\\u01DB\\u01D7\\u01D5\\u01D9\\u1EE6\\u016E\\u0170\\u01D3\\u0214\\u0216\\u01AF\\u1EEA\\u1EE8\\u1EEE\\u1EEC\\u1EF0\\u1EE4\\u1E72\\u0172\\u1E76\\u1E74\\u0244]","V":"[\\u0056\\u24CB\\uFF36\\u1E7C\\u1E7E\\u01B2\\uA75E\\u0245]","VY":"[\\uA760]","W":"[\\u0057\\u24CC\\uFF37\\u1E80\\u1E82\\u0174\\u1E86\\u1E84\\u1E88\\u2C72]","X":"[\\u0058\\u24CD\\uFF38\\u1E8A\\u1E8C]","Y":"[\\u0059\\u24CE\\uFF39\\u1EF2\\u00DD\\u0176\\u1EF8\\u0232\\u1E8E\\u0178\\u1EF6\\u1EF4\\u01B3\\u024E\\u1EFE]","Z":"[\\u005A\\u24CF\\uFF3A\\u0179\\u1E90\\u017B\\u017D\\u1E92\\u1E94\\u01B5\\u0224\\u2C7F\\u2C6B\\uA762]","a":"[\\u0061\\u24D0\\uFF41\\u1E9A\\u00E0\\u00E1\\u00E2\\u1EA7\\u1EA5\\u1EAB\\u1EA9\\u00E3\\u0101\\u0103\\u1EB1\\u1EAF\\u1EB5\\u1EB3\\u0227\\u01E1\\u00E4\\u01DF\\u1EA3\\u00E5\\u01FB\\u01CE\\u0201\\u0203\\u1EA1\\u1EAD\\u1EB7\\u1E01\\u0105\\u2C65\\u0250]","aa":"[\\uA733]","ae":"[\\u00E6\\u01FD\\u01E3]","ao":"[\\uA735]","au":"[\\uA737]","av":"[\\uA739\\uA73B]","ay":"[\\uA73D]","b":"[\\u0062\\u24D1\\uFF42\\u1E03\\u1E05\\u1E07\\u0180\\u0183\\u0253]","c":"[\\u0063\\u24D2\\uFF43\\u0107\\u0109\\u010B\\u010D\\u00E7\\u1E09\\u0188\\u023C\\uA73F\\u2184]","d":"[\\u0064\\u24D3\\uFF44\\u1E0B\\u010F\\u1E0D\\u1E11\\u1E13\\u1E0F\\u0111\\u018C\\u0256\\u0257\\uA77A]","dz":"[\\u01F3\\u01C6]","e":"[\\u0065\\u24D4\\uFF45\\u00E8\\u00E9\\u00EA\\u1EC1\\u1EBF\\u1EC5\\u1EC3\\u1EBD\\u0113\\u1E15\\u1E17\\u0115\\u0117\\u00EB\\u1EBB\\u011B\\u0205\\u0207\\u1EB9\\u1EC7\\u0229\\u1E1D\\u0119\\u1E19\\u1E1B\\u0247\\u025B\\u01DD]","f":"[\\u0066\\u24D5\\uFF46\\u1E1F\\u0192\\uA77C]","g":"[\\u0067\\u24D6\\uFF47\\u01F5\\u011D\\u1E21\\u011F\\u0121\\u01E7\\u0123\\u01E5\\u0260\\uA7A1\\u1D79\\uA77F]","h":"[\\u0068\\u24D7\\uFF48\\u0125\\u1E23\\u1E27\\u021F\\u1E25\\u1E29\\u1E2B\\u1E96\\u0127\\u2C68\\u2C76\\u0265]","hv":"[\\u0195]","i":"[\\u0069\\u24D8\\uFF49\\u00EC\\u00ED\\u00EE\\u0129\\u012B\\u012D\\u00EF\\u1E2F\\u1EC9\\u01D0\\u0209\\u020B\\u1ECB\\u012F\\u1E2D\\u0268\\u0131]","j":"[\\u006A\\u24D9\\uFF4A\\u0135\\u01F0\\u0249]","k":"[\\u006B\\u24DA\\uFF4B\\u1E31\\u01E9\\u1E33\\u0137\\u1E35\\u0199\\u2C6A\\uA741\\uA743\\uA745\\uA7A3]","l":"[\\u006C\\u24DB\\uFF4C\\u0140\\u013A\\u013E\\u1E37\\u1E39\\u013C\\u1E3D\\u1E3B\\u017F\\u0142\\u019A\\u026B\\u2C61\\uA749\\uA781\\uA747]","lj":"[\\u01C9]","m":"[\\u006D\\u24DC\\uFF4D\\u1E3F\\u1E41\\u1E43\\u0271\\u026F]","n":"[\\u006E\\u24DD\\uFF4E\\u01F9\\u0144\\u00F1\\u1E45\\u0148\\u1E47\\u0146\\u1E4B\\u1E49\\u019E\\u0272\\u0149\\uA791\\uA7A5]","nj":"[\\u01CC]","o":"[\\u006F\\u24DE\\uFF4F\\u00F2\\u00F3\\u00F4\\u1ED3\\u1ED1\\u1ED7\\u1ED5\\u00F5\\u1E4D\\u022D\\u1E4F\\u014D\\u1E51\\u1E53\\u014F\\u022F\\u0231\\u00F6\\u022B\\u1ECF\\u0151\\u01D2\\u020D\\u020F\\u01A1\\u1EDD\\u1EDB\\u1EE1\\u1EDF\\u1EE3\\u1ECD\\u1ED9\\u01EB\\u01ED\\u00F8\\u01FF\\u0254\\uA74B\\uA74D\\u0275]","oi":"[\\u01A3]","ou":"[\\u0223]","oo":"[\\uA74F]","p":"[\\u0070\\u24DF\\uFF50\\u1E55\\u1E57\\u01A5\\u1D7D\\uA751\\uA753\\uA755]","q":"[\\u0071\\u24E0\\uFF51\\u024B\\uA757\\uA759]","r":"[\\u0072\\u24E1\\uFF52\\u0155\\u1E59\\u0159\\u0211\\u0213\\u1E5B\\u1E5D\\u0157\\u1E5F\\u024D\\u027D\\uA75B\\uA7A7\\uA783]","s":"[\\u0073\\u24E2\\uFF53\\u015B\\u1E65\\u015D\\u1E61\\u0161\\u1E67\\u1E63\\u1E69\\u0219\\u015F\\u023F\\uA7A9\\uA785\\u1E9B]","ss":"[\\u00DF]","t":"[\\u0074\\u24E3\\uFF54\\u1E6B\\u1E97\\u0165\\u1E6D\\u021B\\u0163\\u1E71\\u1E6F\\u0167\\u01AD\\u0288\\u2C66\\uA787]","tz":"[\\uA729]","u":"[\\u0075\\u24E4\\uFF55\\u00F9\\u00FA\\u00FB\\u0169\\u1E79\\u016B\\u1E7B\\u016D\\u00FC\\u01DC\\u01D8\\u01D6\\u01DA\\u1EE7\\u016F\\u0171\\u01D4\\u0215\\u0217\\u01B0\\u1EEB\\u1EE9\\u1EEF\\u1EED\\u1EF1\\u1EE5\\u1E73\\u0173\\u1E77\\u1E75\\u0289]","v":"[\\u0076\\u24E5\\uFF56\\u1E7D\\u1E7F\\u028B\\uA75F\\u028C]","vy":"[\\uA761]","w":"[\\u0077\\u24E6\\uFF57\\u1E81\\u1E83\\u0175\\u1E87\\u1E85\\u1E98\\u1E89\\u2C73]","x":"[\\u0078\\u24E7\\uFF58\\u1E8B\\u1E8D]","y":"[\\u0079\\u24E8\\uFF59\\u1EF3\\u00FD\\u0177\\u1EF9\\u0233\\u1E8F\\u00FF\\u1EF7\\u1E99\\u1EF5\\u01B4\\u024F\\u1EFF]","z":"[\\u007A\\u24E9\\uFF5A\\u017A\\u1E91\\u017C\\u017E\\u1E93\\u1E95\\u01B6\\u0225\\u0240\\u2C6C\\uA763]"},"researchesTests":["contentHasTOC","contentHasShortParagraphs","contentHasAssets","keywordInTitle","keywordInMetaDescription","keywordInPermalink","keywordIn10Percent","keywordInContent","keywordInSubheadings","keywordInImageAlt","keywordDensity","keywordNotUsed","lengthContent","lengthPermalink","linksHasInternal","linksHasExternals","linksNotAllExternals","titleStartWithKeyword","titleSentiment","titleHasPowerWords","titleHasNumber","hasContentAI"],"hasRedirection":false,"hasBreadcrumb":true},"homeUrl":"https:\/\/www.atlantisioe.com\/ca\/","objectID":4416,"objectType":"post","locale":"ca","localeFull":"ca","overlayImages":{"play":{"name":"Play icon","url":"https:\/\/www.atlantisioe.com\/wp-content\/plugins\/seo-by-rank-math\/assets\/admin\/img\/icon-play.png","path":"\/home\/atlantis-technology.com\/domains\/atlantisioe.com\/public_html\/wp-content\/plugins\/seo-by-rank-math\/assets\/admin\/img\/icon-play.png","position":"middle_center"},"gif":{"name":"GIF icon","url":"https:\/\/www.atlantisioe.com\/wp-content\/plugins\/seo-by-rank-math\/assets\/admin\/img\/icon-gif.png","path":"\/home\/atlantis-technology.com\/domains\/atlantisioe.com\/public_html\/wp-content\/plugins\/seo-by-rank-math\/assets\/admin\/img\/icon-gif.png","position":"middle_center"}},"defautOgImage":"https:\/\/www.atlantisioe.com\/wp-content\/uploads\/2022\/01\/atlantis-imagen-facebook-1200x630-2.jpg","customPermalinks":true,"isUserRegistered":false,"autoSuggestKeywords":false,"connectSiteUrl":"https:\/\/rankmath.com\/auth?site=https%3A%2F%2Fwww.atlantisioe.com%2Fca%2F&r=https%3A%2F%2Fwww.atlantisioe.com%2Fca%2Fwp-json%2Fwp%2Fv2%2Fpages%2F4416%3Fnonce%3D8ef7c378aa","maxTags":5,"trendsIcon":"<svg viewBox=\"0 0 610 610\"><path d=\"M18.85,446,174.32,290.48l58.08,58.08L76.93,504a14.54,14.54,0,0,1-20.55,0L18.83,466.48a14.54,14.54,0,0,1,0-20.55Z\" style=\"fill:#4285f4\"\/><path d=\"M242.65,242.66,377.59,377.6l-47.75,47.75a14.54,14.54,0,0,1-20.55,0L174.37,290.43l47.75-47.75A14.52,14.52,0,0,1,242.65,242.66Z\" style=\"fill:#ea4335\"\/><polygon points=\"319.53 319.53 479.26 159.8 537.34 217.88 377.61 377.62 319.53 319.53\" style=\"fill:#fabb05\"\/><path d=\"M594.26,262.73V118.61h0a16.94,16.94,0,0,0-16.94-16.94H433.2a16.94,16.94,0,0,0-12,28.92L565.34,274.71h0a16.94,16.94,0,0,0,28.92-12Z\" style=\"fill:#34a853\"\/><rect width=\"610\" height=\"610\" style=\"fill:none\"\/><\/svg>","showScore":true,"siteFavIcon":"https:\/\/www.atlantisioe.com\/wp-content\/uploads\/2019\/09\/cropped-icono-atlantis-600px-32x32.png","canUser":{"general":false,"advanced":false,"snippet":false,"social":false,"analysis":false,"analytics":false,"content_ai":false},"isPro":false,"is_front_page":false,"trendsUpgradeLink":"https:\/\/rankmath.com\/pricing\/?utm_source=Plugin&utm_medium=CE%20General%20Tab%20Trends&utm_campaign=WP","trendsUpgradeLabel":"Upgrade","trendsPreviewImage":"https:\/\/www.atlantisioe.com\/wp-content\/plugins\/seo-by-rank-math\/assets\/admin\/img\/trends-preview.jpg","currentEditor":false,"homepageData":{"assessor":{"powerWords":[],"diacritics":true,"researchesTests":["contentHasTOC","contentHasShortParagraphs","contentHasAssets","keywordInTitle","keywordInMetaDescription","keywordInPermalink","keywordIn10Percent","keywordInContent","keywordInSubheadings","keywordInImageAlt","keywordDensity","keywordNotUsed","lengthContent","lengthPermalink","linksHasInternal","linksHasExternals","linksNotAllExternals","titleStartWithKeyword","titleSentiment","titleHasPowerWords","titleHasNumber","hasContentAI"],"hasBreadcrumb":true,"serpData":{"title":"%sitename% %page% %sep% %sitedesc%","description":"","titleTemplate":"%sitename% %page% %sep% %sitedesc%","descriptionTemplate":"","focusKeywords":"","breadcrumbTitle":"Inici","robots":{"index":true},"advancedRobots":[],"facebookTitle":"","facebookDescription":"","facebookImage":"","facebookImageID":""}}},"tocTitle":"Table of Contents","tocExcludeHeadings":[],"listStyle":"ul"},"_links":{"self":[{"href":"https:\/\/www.atlantisioe.com\/ca\/wp-json\/wp\/v2\/pages\/4416"}],"collection":[{"href":"https:\/\/www.atlantisioe.com\/ca\/wp-json\/wp\/v2\/pages"}],"about":[{"href":"https:\/\/www.atlantisioe.com\/ca\/wp-json\/wp\/v2\/types\/page"}],"author":[{"embeddable":true,"href":"https:\/\/www.atlantisioe.com\/ca\/wp-json\/wp\/v2\/users\/17"}],"replies":[{"embeddable":true,"href":"https:\/\/www.atlantisioe.com\/ca\/wp-json\/wp\/v2\/comments?post=4416"}],"version-history":[{"count":10,"href":"https:\/\/www.atlantisioe.com\/ca\/wp-json\/wp\/v2\/pages\/4416\/revisions"}],"predecessor-version":[{"id":25432,"href":"https:\/\/www.atlantisioe.com\/ca\/wp-json\/wp\/v2\/pages\/4416\/revisions\/25432"}],"wp:attachment":[{"href":"https:\/\/www.atlantisioe.com\/ca\/wp-json\/wp\/v2\/media?parent=4416"}],"curies":[{"name":"wp","href":"https:\/\/api.w.org\/{rel}","templated":true}]}}